{"id":122,"date":"2016-05-13T09:46:07","date_gmt":"2016-05-13T09:46:07","guid":{"rendered":"http:\/\/kalikoapartman.hu\/?page_id=122"},"modified":"2026-02-13T18:53:43","modified_gmt":"2026-02-13T18:53:43","slug":"arainkpreise","status":"publish","type":"page","link":"https:\/\/kalikoapartman.hu\/?page_id=122","title":{"rendered":"\u00c1raink\/Preise"},"content":{"rendered":"<h1 style=\"text-align: center;\"><span style=\"text-decoration: underline; color: #0000ff;\"><strong>Nyitva Tart\u00e1s 2026<\/strong><\/span><\/h1>\n<h3 style=\"text-align: center;\"><strong><span style=\"color: #000080;\">06.01. &#8211; 09.30.<\/span><br \/>\n<\/strong><span style=\"color: #008000;\"><strong>Apartman I.\u00a0 1-4 f\u0151 r\u00e9sz\u00e9re 60.000 Ft \/ \u00e9jszaka<\/strong><br \/>\n<span style=\"color: #99cc00;\">tov\u00e1bbi szem\u00e9ly (max. 1 f\u0151) 5.000 Ft \/ f\u0151 \/ \u00e9jszaka<\/span><br \/>\n<\/span><\/h3>\n<h3 style=\"text-align: center;\"><span style=\"color: #008000;\"><strong>Apartman II.\u00a0 1-4 f\u0151 r\u00e9sz\u00e9re 60.000 Ft \/ \u00e9jszaka<\/strong><br \/>\n<span style=\"color: #99cc00;\">tov\u00e1bbi szem\u00e9ly (max. 2 f\u0151) 5.000 Ft \/ f\u0151 \/ \u00e9jszaka<\/span><br \/>\n<\/span><\/h3>\n<h2 style=\"text-align: center;\"><span style=\"color: #0000ff;\">Akci\u00f3s aj\u00e1nlat:<br \/>\n<\/span><span style=\"color: #008000;\"><strong><span style=\"color: #008000;\">Apartman\u00a0 1-4 f\u0151 r\u00e9sz\u00e9re 48.000 Ft \/ \u00e9jszaka<br \/>\n<\/span><\/strong><\/span><span style=\"color: #008000;\"><strong><span style=\"color: #ff0000;\">Sz\u00edveskedjen \u00e9rdekl\u0151dni!<\/span><br \/>\n<\/strong><\/span><\/h2>\n<p style=\"text-align: center;\"><span style=\"color: #008000;\"><strong><span style=\"color: #000080;\">Minden esetben:<\/span><\/strong><br \/>\n<span style=\"color: #ff0000;\"><strong><span style=\"color: #ff0000;\">Min. foglal\u00e1si id\u0151 3 \u00e9jszaka<\/span><br \/>\n<\/strong><span style=\"color: #008000;\">\u00c9rkez\u00e9s: 15 \u00f3r\u00e1t\u00f3l<strong> &#8211; <\/strong>T\u00e1voz\u00e1s: de. 10 \u00f3r\u00e1ig<br \/>\n<span style=\"color: #000080;\">Az \u00e1r tartalmazza a v\u00edz, villany, g\u00e1z, \u00e1gynem\u0171<br \/>\nhaszn\u00e1lat \u00e9s a v\u00e9gtakar\u00edt\u00e1s k\u00f6lts\u00e9g\u00e9t.<br \/>\n<span style=\"color: #ff0000;\">Extra F\u0171t\u00e9s: 2.000 Ft\/nap\/apartman<\/span><br \/>\n<\/span><\/span><\/span><\/span><\/p>\n<h1 style=\"text-align: center;\"><span style=\"color: #0000ff;\"><strong><span id=\"result_box\" class=\"short_text\" lang=\"de\"><span class=\"\">\u00d6ffnungszeiten 2026<\/span><\/span>:<\/strong><\/span><\/h1>\n<h3 style=\"text-align: center;\"><span style=\"color: #000080;\"><strong>01.06. &#8211; 30.09.<\/strong><\/span><br \/>\n<span style=\"color: #008000;\"><strong>Appartement I. &#8211; f\u00fcr 1-4 Pers. 60.000 Ft \/ Nacht<\/strong><br \/>\n<span style=\"color: #99cc00;\">weitere Pers.(max. 1 Pers.) 5.000 Ft \/ Pers. \/ Nacht<\/span><\/span><\/h3>\n<h3 style=\"text-align: center;\"><span style=\"color: #008000;\"><br \/>\n<strong>Appartement II. &#8211;\u00a0 f\u00fcr 1-4 Pers. 60.000 Ft \/ Nacht<\/strong><br \/>\n<span style=\"color: #99cc00;\">weitere Pers.(max. 2 Pers.) 5.000 Ft \/ Pers. \/ Nacht<\/span><br \/>\n<\/span><\/h3>\n<p style=\"text-align: center;\"><span style=\"color: #008000;\"><strong><span style=\"color: #000080;\">Jedes Mal:<\/span><\/strong><br \/>\n<\/span><span style=\"color: #ff0000;\"><strong>Min. Reservierung 3 N\u00e4chte<\/strong><\/span><span style=\"color: #008000;\"><br \/>\nAnkunft: vom 15 Uhr &#8211; Abreise: bis 10 Uhr<br \/>\n<span style=\"color: #000080;\">Strom, Wasser, Gas, Bettw\u00e4sche, und<br \/>\nEnreinigung sind in Preisen inbegriffen.<br \/>\n<span style=\"color: #ff0000;\"><span id=\"result_box\" class=\"short_text\" lang=\"de\"><span class=\"\">Extra Heizung<\/span><\/span>: 2.000 Ft \/ Nacht \/Appartement.<\/span><br \/>\n<\/span><\/span><\/p>\n","protected":false},"excerpt":{"rendered":"<p>Nyitva Tart\u00e1s 2026 06.01. &#8211; 09.30. Apartman I.\u00a0 1-4 f\u0151 r\u00e9sz\u00e9re 60.000 Ft \/ \u00e9jszaka tov\u00e1bbi szem\u00e9ly (max. 1 f\u0151) 5.000 Ft \/ f\u0151 \/ \u00e9jszaka Apartman II.\u00a0 1-4 f\u0151 r\u00e9sz\u00e9re 60.000 Ft \/ \u00e9jszaka tov\u00e1bbi szem\u00e9ly (max. 2 f\u0151) &hellip; <a href=\"https:\/\/kalikoapartman.hu\/?page_id=122\">Egy kattint\u00e1s ide a folytat\u00e1shoz&#8230;. <span class=\"meta-nav\">&rarr;<\/span><\/a><\/p>\n","protected":false},"author":1,"featured_media":0,"parent":0,"menu_order":3,"comment_status":"closed","ping_status":"closed","template":"","meta":{"_monsterinsights_skip_tracking":false,"_monsterinsights_sitenote_active":false,"_monsterinsights_sitenote_note":"","_monsterinsights_sitenote_category":0,"footnotes":""},"class_list":["post-122","page","type-page","status-publish","hentry"],"aioseo_notices":[],"yoast_head":"<!-- This site is optimized with the Yoast SEO plugin v25.7 - https:\/\/yoast.com\/wordpress\/plugins\/seo\/ -->\n<title>\u00c1raink\/Preise - K\u00e1li K\u0151 Nyaral\u00f3h\u00e1z<\/title>\n<meta name=\"robots\" content=\"index, follow, max-snippet:-1, max-image-preview:large, max-video-preview:-1\" \/>\n<link rel=\"canonical\" href=\"https:\/\/kalikoapartman.hu\/?page_id=122\" \/>\n<meta property=\"og:locale\" content=\"hu_HU\" \/>\n<meta property=\"og:type\" content=\"article\" \/>\n<meta property=\"og:title\" content=\"\u00c1raink\/Preise - K\u00e1li K\u0151 Nyaral\u00f3h\u00e1z\" \/>\n<meta property=\"og:description\" content=\"Nyitva Tart\u00e1s 2026 06.01. &#8211; 09.30. Apartman I.\u00a0 1-4 f\u0151 r\u00e9sz\u00e9re 60.000 Ft \/ \u00e9jszaka tov\u00e1bbi szem\u00e9ly (max. 1 f\u0151) 5.000 Ft \/ f\u0151 \/ \u00e9jszaka Apartman II.\u00a0 1-4 f\u0151 r\u00e9sz\u00e9re 60.000 Ft \/ \u00e9jszaka tov\u00e1bbi szem\u00e9ly (max. 2 f\u0151) &hellip; Egy kattint\u00e1s ide a folytat\u00e1shoz.... &rarr;\" \/>\n<meta property=\"og:url\" content=\"https:\/\/kalikoapartman.hu\/?page_id=122\" \/>\n<meta property=\"og:site_name\" content=\"K\u00e1li K\u0151 Nyaral\u00f3h\u00e1z\" \/>\n<meta property=\"article:modified_time\" content=\"2026-02-13T18:53:43+00:00\" \/>\n<meta name=\"twitter:card\" content=\"summary_large_image\" \/>\n<meta name=\"twitter:label1\" content=\"Becs\u00fclt olvas\u00e1si id\u0151\" \/>\n\t<meta name=\"twitter:data1\" content=\"1 perc\" \/>\n<script type=\"application\/ld+json\" class=\"yoast-schema-graph\">{\"@context\":\"https:\/\/schema.org\",\"@graph\":[{\"@type\":\"WebPage\",\"@id\":\"https:\/\/kalikoapartman.hu\/?page_id=122\",\"url\":\"https:\/\/kalikoapartman.hu\/?page_id=122\",\"name\":\"\u00c1raink\/Preise - K\u00e1li K\u0151 Nyaral\u00f3h\u00e1z\",\"isPartOf\":{\"@id\":\"https:\/\/kalikoapartman.hu\/#website\"},\"datePublished\":\"2016-05-13T09:46:07+00:00\",\"dateModified\":\"2026-02-13T18:53:43+00:00\",\"breadcrumb\":{\"@id\":\"https:\/\/kalikoapartman.hu\/?page_id=122#breadcrumb\"},\"inLanguage\":\"hu\",\"potentialAction\":[{\"@type\":\"ReadAction\",\"target\":[\"https:\/\/kalikoapartman.hu\/?page_id=122\"]}]},{\"@type\":\"BreadcrumbList\",\"@id\":\"https:\/\/kalikoapartman.hu\/?page_id=122#breadcrumb\",\"itemListElement\":[{\"@type\":\"ListItem\",\"position\":1,\"name\":\"Home\",\"item\":\"https:\/\/kalikoapartman.hu\/\"},{\"@type\":\"ListItem\",\"position\":2,\"name\":\"\u00c1raink\/Preise\"}]},{\"@type\":\"WebSite\",\"@id\":\"https:\/\/kalikoapartman.hu\/#website\",\"url\":\"https:\/\/kalikoapartman.hu\/\",\"name\":\"K\u00e1li K\u0151 Nyaral\u00f3h\u00e1z\",\"description\":\"Szentb\u00e9kk\u00e1lla K\u00e1li-medence\",\"potentialAction\":[{\"@type\":\"SearchAction\",\"target\":{\"@type\":\"EntryPoint\",\"urlTemplate\":\"https:\/\/kalikoapartman.hu\/?s={search_term_string}\"},\"query-input\":{\"@type\":\"PropertyValueSpecification\",\"valueRequired\":true,\"valueName\":\"search_term_string\"}}],\"inLanguage\":\"hu\"}]}<\/script>\n<!-- \/ Yoast SEO plugin. -->","yoast_head_json":{"title":"\u00c1raink\/Preise - K\u00e1li K\u0151 Nyaral\u00f3h\u00e1z","robots":{"index":"index","follow":"follow","max-snippet":"max-snippet:-1","max-image-preview":"max-image-preview:large","max-video-preview":"max-video-preview:-1"},"canonical":"https:\/\/kalikoapartman.hu\/?page_id=122","og_locale":"hu_HU","og_type":"article","og_title":"\u00c1raink\/Preise - K\u00e1li K\u0151 Nyaral\u00f3h\u00e1z","og_description":"Nyitva Tart\u00e1s 2026 06.01. &#8211; 09.30. Apartman I.\u00a0 1-4 f\u0151 r\u00e9sz\u00e9re 60.000 Ft \/ \u00e9jszaka tov\u00e1bbi szem\u00e9ly (max. 1 f\u0151) 5.000 Ft \/ f\u0151 \/ \u00e9jszaka Apartman II.\u00a0 1-4 f\u0151 r\u00e9sz\u00e9re 60.000 Ft \/ \u00e9jszaka tov\u00e1bbi szem\u00e9ly (max. 2 f\u0151) &hellip; Egy kattint\u00e1s ide a folytat\u00e1shoz.... &rarr;","og_url":"https:\/\/kalikoapartman.hu\/?page_id=122","og_site_name":"K\u00e1li K\u0151 Nyaral\u00f3h\u00e1z","article_modified_time":"2026-02-13T18:53:43+00:00","twitter_card":"summary_large_image","twitter_misc":{"Becs\u00fclt olvas\u00e1si id\u0151":"1 perc"},"schema":{"@context":"https:\/\/schema.org","@graph":[{"@type":"WebPage","@id":"https:\/\/kalikoapartman.hu\/?page_id=122","url":"https:\/\/kalikoapartman.hu\/?page_id=122","name":"\u00c1raink\/Preise - K\u00e1li K\u0151 Nyaral\u00f3h\u00e1z","isPartOf":{"@id":"https:\/\/kalikoapartman.hu\/#website"},"datePublished":"2016-05-13T09:46:07+00:00","dateModified":"2026-02-13T18:53:43+00:00","breadcrumb":{"@id":"https:\/\/kalikoapartman.hu\/?page_id=122#breadcrumb"},"inLanguage":"hu","potentialAction":[{"@type":"ReadAction","target":["https:\/\/kalikoapartman.hu\/?page_id=122"]}]},{"@type":"BreadcrumbList","@id":"https:\/\/kalikoapartman.hu\/?page_id=122#breadcrumb","itemListElement":[{"@type":"ListItem","position":1,"name":"Home","item":"https:\/\/kalikoapartman.hu\/"},{"@type":"ListItem","position":2,"name":"\u00c1raink\/Preise"}]},{"@type":"WebSite","@id":"https:\/\/kalikoapartman.hu\/#website","url":"https:\/\/kalikoapartman.hu\/","name":"K\u00e1li K\u0151 Nyaral\u00f3h\u00e1z","description":"Szentb\u00e9kk\u00e1lla K\u00e1li-medence","potentialAction":[{"@type":"SearchAction","target":{"@type":"EntryPoint","urlTemplate":"https:\/\/kalikoapartman.hu\/?s={search_term_string}"},"query-input":{"@type":"PropertyValueSpecification","valueRequired":true,"valueName":"search_term_string"}}],"inLanguage":"hu"}]}},"_links":{"self":[{"href":"https:\/\/kalikoapartman.hu\/index.php?rest_route=\/wp\/v2\/pages\/122","targetHints":{"allow":["GET"]}}],"collection":[{"href":"https:\/\/kalikoapartman.hu\/index.php?rest_route=\/wp\/v2\/pages"}],"about":[{"href":"https:\/\/kalikoapartman.hu\/index.php?rest_route=\/wp\/v2\/types\/page"}],"author":[{"embeddable":true,"href":"https:\/\/kalikoapartman.hu\/index.php?rest_route=\/wp\/v2\/users\/1"}],"replies":[{"embeddable":true,"href":"https:\/\/kalikoapartman.hu\/index.php?rest_route=%2Fwp%2Fv2%2Fcomments&post=122"}],"version-history":[{"count":6,"href":"https:\/\/kalikoapartman.hu\/index.php?rest_route=\/wp\/v2\/pages\/122\/revisions"}],"predecessor-version":[{"id":508,"href":"https:\/\/kalikoapartman.hu\/index.php?rest_route=\/wp\/v2\/pages\/122\/revisions\/508"}],"wp:attachment":[{"href":"https:\/\/kalikoapartman.hu\/index.php?rest_route=%2Fwp%2Fv2%2Fmedia&parent=122"}],"curies":[{"name":"wp","href":"https:\/\/api.w.org\/{rel}","templated":true}]}}