{"id":151,"date":"2016-05-17T13:18:25","date_gmt":"2016-05-17T13:18:25","guid":{"rendered":"http:\/\/kalikoapartman.hu\/?page_id=151"},"modified":"2017-03-09T13:24:03","modified_gmt":"2017-03-09T13:24:03","slug":"latvanyossagokattraktionen","status":"publish","type":"page","link":"https:\/\/kalikoapartman.hu\/?page_id=151","title":{"rendered":"L\u00e1tv\u00e1nyoss\u00e1gok\/Attraktionen"},"content":{"rendered":"<p><span style=\"color: #000080;\"><strong>Web aj\u00e1nl\u00f3:<\/strong><br \/>\n<a href=\"http:\/\/www.szentbekkalla.hu\/\" target=\"_blank\"><span style=\"color: #0000ff;\">http:\/\/www.szentbekkalla.hu\/<\/span><\/a><br \/>\n<\/span><\/p>\n<p><span style=\"color: #000080;\"><strong><span style=\"color: #000080;\">Esem\u00e9nynapt\u00e1r:<\/span><br \/>\n<\/strong><\/span><a href=\"http:\/\/www.szentbekkalla.hu\/h\/esnaptar.html\" target=\"_blank\"><span style=\"color: #0000ff;\">http:\/\/www.szentbekkalla.hu\/h\/esnaptar.html<\/span><\/a><\/p>\n<p><span style=\"color: #0000ff;\"><span style=\"color: #000080;\"><strong>T\u00f6rt\u00e9nelem:<\/strong><\/span><br \/>\n<a style=\"color: #0000ff;\" href=\"http:\/\/www.szentbekkalla.hu\/h\/szentbekkallaHUN.pdf\" target=\"_blank\">http:\/\/www.szentbekkalla.hu\/h\/szentbekkallaHUN.pdf<\/a><\/span><\/p>\n<div id='gallery-1' class='gallery galleryid-151 gallery-columns-2 gallery-size-medium'><dl class='gallery-item'>\n\t\t\t<dt class='gallery-icon landscape'>\n\t\t\t\t<img loading=\"lazy\" decoding=\"async\" width=\"300\" height=\"224\" src=\"https:\/\/kalikoapartman.hu\/wp-content\/uploads\/2016\/05\/343-1-300x224.jpg\" class=\"attachment-medium size-medium\" alt=\"\" srcset=\"https:\/\/kalikoapartman.hu\/wp-content\/uploads\/2016\/05\/343-1-300x224.jpg 300w, https:\/\/kalikoapartman.hu\/wp-content\/uploads\/2016\/05\/343-1.jpg 500w\" sizes=\"auto, (max-width: 300px) 100vw, 300px\" \/>\n\t\t\t<\/dt><\/dl><dl class='gallery-item'>\n\t\t\t<dt class='gallery-icon landscape'>\n\t\t\t\t<img loading=\"lazy\" decoding=\"async\" width=\"300\" height=\"224\" src=\"https:\/\/kalikoapartman.hu\/wp-content\/uploads\/2016\/05\/346-1-300x224.jpg\" class=\"attachment-medium size-medium\" alt=\"\" srcset=\"https:\/\/kalikoapartman.hu\/wp-content\/uploads\/2016\/05\/346-1-300x224.jpg 300w, https:\/\/kalikoapartman.hu\/wp-content\/uploads\/2016\/05\/346-1.jpg 500w\" sizes=\"auto, (max-width: 300px) 100vw, 300px\" \/>\n\t\t\t<\/dt><\/dl><br style=\"clear: both\" \/><dl class='gallery-item'>\n\t\t\t<dt class='gallery-icon landscape'>\n\t\t\t\t<img loading=\"lazy\" decoding=\"async\" width=\"300\" height=\"281\" src=\"https:\/\/kalikoapartman.hu\/wp-content\/uploads\/2016\/05\/hegyestu-1-300x281.jpg\" class=\"attachment-medium size-medium\" alt=\"\" srcset=\"https:\/\/kalikoapartman.hu\/wp-content\/uploads\/2016\/05\/hegyestu-1-300x281.jpg 300w, https:\/\/kalikoapartman.hu\/wp-content\/uploads\/2016\/05\/hegyestu-1.jpg 534w\" sizes=\"auto, (max-width: 300px) 100vw, 300px\" \/>\n\t\t\t<\/dt><\/dl><dl class='gallery-item'>\n\t\t\t<dt class='gallery-icon portrait'>\n\t\t\t\t<img loading=\"lazy\" decoding=\"async\" width=\"225\" height=\"300\" src=\"https:\/\/kalikoapartman.hu\/wp-content\/uploads\/2016\/05\/Kolostor2-225x300.jpg\" class=\"attachment-medium size-medium\" alt=\"\" srcset=\"https:\/\/kalikoapartman.hu\/wp-content\/uploads\/2016\/05\/Kolostor2-225x300.jpg 225w, https:\/\/kalikoapartman.hu\/wp-content\/uploads\/2016\/05\/Kolostor2.jpg 375w\" sizes=\"auto, (max-width: 225px) 100vw, 225px\" \/>\n\t\t\t<\/dt><\/dl><br style=\"clear: both\" \/><dl class='gallery-item'>\n\t\t\t<dt class='gallery-icon landscape'>\n\t\t\t\t<img loading=\"lazy\" decoding=\"async\" width=\"300\" height=\"225\" src=\"https:\/\/kalikoapartman.hu\/wp-content\/uploads\/2016\/05\/hegyestu2-300x225.jpg\" class=\"attachment-medium size-medium\" alt=\"\" srcset=\"https:\/\/kalikoapartman.hu\/wp-content\/uploads\/2016\/05\/hegyestu2-300x225.jpg 300w, https:\/\/kalikoapartman.hu\/wp-content\/uploads\/2016\/05\/hegyestu2.jpg 640w\" sizes=\"auto, (max-width: 300px) 100vw, 300px\" \/>\n\t\t\t<\/dt><\/dl><dl class='gallery-item'>\n\t\t\t<dt class='gallery-icon landscape'>\n\t\t\t\t<img loading=\"lazy\" decoding=\"async\" width=\"300\" height=\"225\" src=\"https:\/\/kalikoapartman.hu\/wp-content\/uploads\/2016\/05\/IMG_5428-300x225.jpg\" class=\"attachment-medium size-medium\" alt=\"\" srcset=\"https:\/\/kalikoapartman.hu\/wp-content\/uploads\/2016\/05\/IMG_5428-300x225.jpg 300w, https:\/\/kalikoapartman.hu\/wp-content\/uploads\/2016\/05\/IMG_5428-768x576.jpg 768w, https:\/\/kalikoapartman.hu\/wp-content\/uploads\/2016\/05\/IMG_5428.jpg 800w\" sizes=\"auto, (max-width: 300px) 100vw, 300px\" \/>\n\t\t\t<\/dt><\/dl><br style=\"clear: both\" \/><dl class='gallery-item'>\n\t\t\t<dt class='gallery-icon landscape'>\n\t\t\t\t<img loading=\"lazy\" decoding=\"async\" width=\"300\" height=\"225\" src=\"https:\/\/kalikoapartman.hu\/wp-content\/uploads\/2016\/05\/Kep-097-300x225.jpg\" class=\"attachment-medium size-medium\" alt=\"\" srcset=\"https:\/\/kalikoapartman.hu\/wp-content\/uploads\/2016\/05\/Kep-097-300x225.jpg 300w, https:\/\/kalikoapartman.hu\/wp-content\/uploads\/2016\/05\/Kep-097-768x576.jpg 768w, https:\/\/kalikoapartman.hu\/wp-content\/uploads\/2016\/05\/Kep-097.jpg 800w\" sizes=\"auto, (max-width: 300px) 100vw, 300px\" \/>\n\t\t\t<\/dt><\/dl><dl class='gallery-item'>\n\t\t\t<dt class='gallery-icon landscape'>\n\t\t\t\t<img loading=\"lazy\" decoding=\"async\" width=\"300\" height=\"225\" src=\"https:\/\/kalikoapartman.hu\/wp-content\/uploads\/2016\/05\/Kolostor-300x225.jpg\" class=\"attachment-medium size-medium\" alt=\"\" srcset=\"https:\/\/kalikoapartman.hu\/wp-content\/uploads\/2016\/05\/Kolostor-300x225.jpg 300w, https:\/\/kalikoapartman.hu\/wp-content\/uploads\/2016\/05\/Kolostor.jpg 500w\" sizes=\"auto, (max-width: 300px) 100vw, 300px\" \/>\n\t\t\t<\/dt><\/dl><br style=\"clear: both\" \/><dl class='gallery-item'>\n\t\t\t<dt class='gallery-icon landscape'>\n\t\t\t\t<img loading=\"lazy\" decoding=\"async\" width=\"300\" height=\"225\" src=\"https:\/\/kalikoapartman.hu\/wp-content\/uploads\/2016\/05\/Kotengerszikla-300x225.jpg\" class=\"attachment-medium size-medium\" alt=\"\" srcset=\"https:\/\/kalikoapartman.hu\/wp-content\/uploads\/2016\/05\/Kotengerszikla-300x225.jpg 300w, https:\/\/kalikoapartman.hu\/wp-content\/uploads\/2016\/05\/Kotengerszikla.jpg 500w\" sizes=\"auto, (max-width: 300px) 100vw, 300px\" \/>\n\t\t\t<\/dt><\/dl><dl class='gallery-item'>\n\t\t\t<dt class='gallery-icon landscape'>\n\t\t\t\t<img loading=\"lazy\" decoding=\"async\" width=\"300\" height=\"225\" src=\"https:\/\/kalikoapartman.hu\/wp-content\/uploads\/2016\/05\/kotengerszem-300x225.jpg\" class=\"attachment-medium size-medium\" alt=\"\" srcset=\"https:\/\/kalikoapartman.hu\/wp-content\/uploads\/2016\/05\/kotengerszem-300x225.jpg 300w, https:\/\/kalikoapartman.hu\/wp-content\/uploads\/2016\/05\/kotengerszem.jpg 500w\" sizes=\"auto, (max-width: 300px) 100vw, 300px\" \/>\n\t\t\t<\/dt><\/dl><br style=\"clear: both\" \/><dl class='gallery-item'>\n\t\t\t<dt class='gallery-icon landscape'>\n\t\t\t\t<img loading=\"lazy\" decoding=\"async\" width=\"300\" height=\"225\" src=\"https:\/\/kalikoapartman.hu\/wp-content\/uploads\/2016\/05\/P1300630-Kolostor-300x225.jpg\" class=\"attachment-medium size-medium\" alt=\"\" srcset=\"https:\/\/kalikoapartman.hu\/wp-content\/uploads\/2016\/05\/P1300630-Kolostor-300x225.jpg 300w, https:\/\/kalikoapartman.hu\/wp-content\/uploads\/2016\/05\/P1300630-Kolostor.jpg 500w\" sizes=\"auto, (max-width: 300px) 100vw, 300px\" \/>\n\t\t\t<\/dt><\/dl><dl class='gallery-item'>\n\t\t\t<dt class='gallery-icon landscape'>\n\t\t\t\t<img loading=\"lazy\" decoding=\"async\" width=\"300\" height=\"225\" src=\"https:\/\/kalikoapartman.hu\/wp-content\/uploads\/2016\/05\/SalfoldMajor-300x225.jpg\" class=\"attachment-medium size-medium\" alt=\"\" srcset=\"https:\/\/kalikoapartman.hu\/wp-content\/uploads\/2016\/05\/SalfoldMajor-300x225.jpg 300w, https:\/\/kalikoapartman.hu\/wp-content\/uploads\/2016\/05\/SalfoldMajor-768x576.jpg 768w, https:\/\/kalikoapartman.hu\/wp-content\/uploads\/2016\/05\/SalfoldMajor.jpg 800w\" sizes=\"auto, (max-width: 300px) 100vw, 300px\" \/>\n\t\t\t<\/dt><\/dl><br style=\"clear: both\" \/><dl class='gallery-item'>\n\t\t\t<dt class='gallery-icon landscape'>\n\t\t\t\t<img loading=\"lazy\" decoding=\"async\" width=\"300\" height=\"225\" src=\"https:\/\/kalikoapartman.hu\/wp-content\/uploads\/2016\/05\/SalfoldTo-300x225.jpg\" class=\"attachment-medium size-medium\" alt=\"\" srcset=\"https:\/\/kalikoapartman.hu\/wp-content\/uploads\/2016\/05\/SalfoldTo-300x225.jpg 300w, https:\/\/kalikoapartman.hu\/wp-content\/uploads\/2016\/05\/SalfoldTo-768x576.jpg 768w, https:\/\/kalikoapartman.hu\/wp-content\/uploads\/2016\/05\/SalfoldTo.jpg 800w\" sizes=\"auto, (max-width: 300px) 100vw, 300px\" \/>\n\t\t\t<\/dt><\/dl><dl class='gallery-item'>\n\t\t\t<dt class='gallery-icon landscape'>\n\t\t\t\t<img loading=\"lazy\" decoding=\"async\" width=\"300\" height=\"225\" src=\"https:\/\/kalikoapartman.hu\/wp-content\/uploads\/2016\/05\/templom01-300x225.jpg\" class=\"attachment-medium size-medium\" alt=\"\" srcset=\"https:\/\/kalikoapartman.hu\/wp-content\/uploads\/2016\/05\/templom01-300x225.jpg 300w, https:\/\/kalikoapartman.hu\/wp-content\/uploads\/2016\/05\/templom01-768x576.jpg 768w, https:\/\/kalikoapartman.hu\/wp-content\/uploads\/2016\/05\/templom01.jpg 1024w\" sizes=\"auto, (max-width: 300px) 100vw, 300px\" \/>\n\t\t\t<\/dt><\/dl><br style=\"clear: both\" \/>\n\t\t<\/div>\n\n<p>&nbsp;<\/p>\n<p><img loading=\"lazy\" decoding=\"async\" class=\"wp-image-244 size-medium alignnone\" src=\"http:\/\/kalikoapartman.hu\/wp-content\/uploads\/2017\/03\/12051529_8576e1e7a3369e1a0fe7e66fddc72214_xl-300x225.jpg\" alt=\"\" width=\"300\" height=\"225\" srcset=\"https:\/\/kalikoapartman.hu\/wp-content\/uploads\/2017\/03\/12051529_8576e1e7a3369e1a0fe7e66fddc72214_xl-300x225.jpg 300w, https:\/\/kalikoapartman.hu\/wp-content\/uploads\/2017\/03\/12051529_8576e1e7a3369e1a0fe7e66fddc72214_xl-768x576.jpg 768w, https:\/\/kalikoapartman.hu\/wp-content\/uploads\/2017\/03\/12051529_8576e1e7a3369e1a0fe7e66fddc72214_xl-1024x768.jpg 1024w, https:\/\/kalikoapartman.hu\/wp-content\/uploads\/2017\/03\/12051529_8576e1e7a3369e1a0fe7e66fddc72214_xl.jpg 1600w\" sizes=\"auto, (max-width: 300px) 100vw, 300px\" \/><img loading=\"lazy\" decoding=\"async\" class=\"wp-image-245 size-medium alignright\" src=\"http:\/\/kalikoapartman.hu\/wp-content\/uploads\/2017\/03\/12051579_d52d5a1774d9ee574f33389a1dfe56a8_xl-300x225.jpg\" alt=\"\" width=\"300\" height=\"225\" srcset=\"https:\/\/kalikoapartman.hu\/wp-content\/uploads\/2017\/03\/12051579_d52d5a1774d9ee574f33389a1dfe56a8_xl-300x225.jpg 300w, https:\/\/kalikoapartman.hu\/wp-content\/uploads\/2017\/03\/12051579_d52d5a1774d9ee574f33389a1dfe56a8_xl-768x576.jpg 768w, https:\/\/kalikoapartman.hu\/wp-content\/uploads\/2017\/03\/12051579_d52d5a1774d9ee574f33389a1dfe56a8_xl-1024x768.jpg 1024w, https:\/\/kalikoapartman.hu\/wp-content\/uploads\/2017\/03\/12051579_d52d5a1774d9ee574f33389a1dfe56a8_xl.jpg 1600w\" sizes=\"auto, (max-width: 300px) 100vw, 300px\" \/><img loading=\"lazy\" decoding=\"async\" class=\"wp-image-239 size-medium alignnone\" src=\"http:\/\/kalikoapartman.hu\/wp-content\/uploads\/2017\/03\/12051333_29368ec529c6f369afddec39ae125950_xl-300x225.jpg\" alt=\"\" width=\"300\" height=\"225\" srcset=\"https:\/\/kalikoapartman.hu\/wp-content\/uploads\/2017\/03\/12051333_29368ec529c6f369afddec39ae125950_xl-300x225.jpg 300w, https:\/\/kalikoapartman.hu\/wp-content\/uploads\/2017\/03\/12051333_29368ec529c6f369afddec39ae125950_xl-768x576.jpg 768w, https:\/\/kalikoapartman.hu\/wp-content\/uploads\/2017\/03\/12051333_29368ec529c6f369afddec39ae125950_xl-1024x768.jpg 1024w, https:\/\/kalikoapartman.hu\/wp-content\/uploads\/2017\/03\/12051333_29368ec529c6f369afddec39ae125950_xl.jpg 1600w\" sizes=\"auto, (max-width: 300px) 100vw, 300px\" \/><\/p>\n","protected":false},"excerpt":{"rendered":"<p>Web aj\u00e1nl\u00f3: http:\/\/www.szentbekkalla.hu\/ Esem\u00e9nynapt\u00e1r: http:\/\/www.szentbekkalla.hu\/h\/esnaptar.html T\u00f6rt\u00e9nelem: http:\/\/www.szentbekkalla.hu\/h\/szentbekkallaHUN.pdf &nbsp;<\/p>\n","protected":false},"author":1,"featured_media":0,"parent":0,"menu_order":5,"comment_status":"closed","ping_status":"closed","template":"","meta":{"_monsterinsights_skip_tracking":false,"_monsterinsights_sitenote_active":false,"_monsterinsights_sitenote_note":"","_monsterinsights_sitenote_category":0,"footnotes":""},"class_list":["post-151","page","type-page","status-publish","hentry"],"aioseo_notices":[],"yoast_head":"<!-- This site is optimized with the Yoast SEO plugin v25.7 - https:\/\/yoast.com\/wordpress\/plugins\/seo\/ -->\n<title>L\u00e1tv\u00e1nyoss\u00e1gok\/Attraktionen - K\u00e1li K\u0151 Nyaral\u00f3h\u00e1z<\/title>\n<meta name=\"robots\" content=\"index, follow, max-snippet:-1, max-image-preview:large, max-video-preview:-1\" \/>\n<link rel=\"canonical\" href=\"https:\/\/kalikoapartman.hu\/?page_id=151\" \/>\n<meta property=\"og:locale\" content=\"hu_HU\" \/>\n<meta property=\"og:type\" content=\"article\" \/>\n<meta property=\"og:title\" content=\"L\u00e1tv\u00e1nyoss\u00e1gok\/Attraktionen - K\u00e1li K\u0151 Nyaral\u00f3h\u00e1z\" \/>\n<meta property=\"og:description\" content=\"Web aj\u00e1nl\u00f3: http:\/\/www.szentbekkalla.hu\/ Esem\u00e9nynapt\u00e1r: http:\/\/www.szentbekkalla.hu\/h\/esnaptar.html T\u00f6rt\u00e9nelem: http:\/\/www.szentbekkalla.hu\/h\/szentbekkallaHUN.pdf &nbsp;\" \/>\n<meta property=\"og:url\" content=\"https:\/\/kalikoapartman.hu\/?page_id=151\" \/>\n<meta property=\"og:site_name\" content=\"K\u00e1li K\u0151 Nyaral\u00f3h\u00e1z\" \/>\n<meta property=\"article:modified_time\" content=\"2017-03-09T13:24:03+00:00\" \/>\n<meta property=\"og:image\" content=\"https:\/\/kalikoapartman.hu\/wp-content\/uploads\/2016\/05\/343-1-300x224.jpg\" \/>\n<meta name=\"twitter:card\" content=\"summary_large_image\" \/>\n<script type=\"application\/ld+json\" class=\"yoast-schema-graph\">{\"@context\":\"https:\/\/schema.org\",\"@graph\":[{\"@type\":\"WebPage\",\"@id\":\"https:\/\/kalikoapartman.hu\/?page_id=151\",\"url\":\"https:\/\/kalikoapartman.hu\/?page_id=151\",\"name\":\"L\u00e1tv\u00e1nyoss\u00e1gok\/Attraktionen - K\u00e1li K\u0151 Nyaral\u00f3h\u00e1z\",\"isPartOf\":{\"@id\":\"https:\/\/kalikoapartman.hu\/#website\"},\"primaryImageOfPage\":{\"@id\":\"https:\/\/kalikoapartman.hu\/?page_id=151#primaryimage\"},\"image\":{\"@id\":\"https:\/\/kalikoapartman.hu\/?page_id=151#primaryimage\"},\"thumbnailUrl\":\"http:\/\/kalikoapartman.hu\/wp-content\/uploads\/2017\/03\/12051529_8576e1e7a3369e1a0fe7e66fddc72214_xl-300x225.jpg\",\"datePublished\":\"2016-05-17T13:18:25+00:00\",\"dateModified\":\"2017-03-09T13:24:03+00:00\",\"breadcrumb\":{\"@id\":\"https:\/\/kalikoapartman.hu\/?page_id=151#breadcrumb\"},\"inLanguage\":\"hu\",\"potentialAction\":[{\"@type\":\"ReadAction\",\"target\":[\"https:\/\/kalikoapartman.hu\/?page_id=151\"]}]},{\"@type\":\"ImageObject\",\"inLanguage\":\"hu\",\"@id\":\"https:\/\/kalikoapartman.hu\/?page_id=151#primaryimage\",\"url\":\"https:\/\/kalikoapartman.hu\/wp-content\/uploads\/2017\/03\/12051529_8576e1e7a3369e1a0fe7e66fddc72214_xl.jpg\",\"contentUrl\":\"https:\/\/kalikoapartman.hu\/wp-content\/uploads\/2017\/03\/12051529_8576e1e7a3369e1a0fe7e66fddc72214_xl.jpg\",\"width\":1600,\"height\":1200},{\"@type\":\"BreadcrumbList\",\"@id\":\"https:\/\/kalikoapartman.hu\/?page_id=151#breadcrumb\",\"itemListElement\":[{\"@type\":\"ListItem\",\"position\":1,\"name\":\"Home\",\"item\":\"https:\/\/kalikoapartman.hu\/\"},{\"@type\":\"ListItem\",\"position\":2,\"name\":\"L\u00e1tv\u00e1nyoss\u00e1gok\/Attraktionen\"}]},{\"@type\":\"WebSite\",\"@id\":\"https:\/\/kalikoapartman.hu\/#website\",\"url\":\"https:\/\/kalikoapartman.hu\/\",\"name\":\"K\u00e1li K\u0151 Nyaral\u00f3h\u00e1z\",\"description\":\"Szentb\u00e9kk\u00e1lla K\u00e1li-medence\",\"potentialAction\":[{\"@type\":\"SearchAction\",\"target\":{\"@type\":\"EntryPoint\",\"urlTemplate\":\"https:\/\/kalikoapartman.hu\/?s={search_term_string}\"},\"query-input\":{\"@type\":\"PropertyValueSpecification\",\"valueRequired\":true,\"valueName\":\"search_term_string\"}}],\"inLanguage\":\"hu\"}]}<\/script>\n<!-- \/ Yoast SEO plugin. -->","yoast_head_json":{"title":"L\u00e1tv\u00e1nyoss\u00e1gok\/Attraktionen - K\u00e1li K\u0151 Nyaral\u00f3h\u00e1z","robots":{"index":"index","follow":"follow","max-snippet":"max-snippet:-1","max-image-preview":"max-image-preview:large","max-video-preview":"max-video-preview:-1"},"canonical":"https:\/\/kalikoapartman.hu\/?page_id=151","og_locale":"hu_HU","og_type":"article","og_title":"L\u00e1tv\u00e1nyoss\u00e1gok\/Attraktionen - K\u00e1li K\u0151 Nyaral\u00f3h\u00e1z","og_description":"Web aj\u00e1nl\u00f3: http:\/\/www.szentbekkalla.hu\/ Esem\u00e9nynapt\u00e1r: http:\/\/www.szentbekkalla.hu\/h\/esnaptar.html T\u00f6rt\u00e9nelem: http:\/\/www.szentbekkalla.hu\/h\/szentbekkallaHUN.pdf &nbsp;","og_url":"https:\/\/kalikoapartman.hu\/?page_id=151","og_site_name":"K\u00e1li K\u0151 Nyaral\u00f3h\u00e1z","article_modified_time":"2017-03-09T13:24:03+00:00","og_image":[{"url":"https:\/\/kalikoapartman.hu\/wp-content\/uploads\/2016\/05\/343-1-300x224.jpg","type":"","width":"","height":""}],"twitter_card":"summary_large_image","schema":{"@context":"https:\/\/schema.org","@graph":[{"@type":"WebPage","@id":"https:\/\/kalikoapartman.hu\/?page_id=151","url":"https:\/\/kalikoapartman.hu\/?page_id=151","name":"L\u00e1tv\u00e1nyoss\u00e1gok\/Attraktionen - K\u00e1li K\u0151 Nyaral\u00f3h\u00e1z","isPartOf":{"@id":"https:\/\/kalikoapartman.hu\/#website"},"primaryImageOfPage":{"@id":"https:\/\/kalikoapartman.hu\/?page_id=151#primaryimage"},"image":{"@id":"https:\/\/kalikoapartman.hu\/?page_id=151#primaryimage"},"thumbnailUrl":"http:\/\/kalikoapartman.hu\/wp-content\/uploads\/2017\/03\/12051529_8576e1e7a3369e1a0fe7e66fddc72214_xl-300x225.jpg","datePublished":"2016-05-17T13:18:25+00:00","dateModified":"2017-03-09T13:24:03+00:00","breadcrumb":{"@id":"https:\/\/kalikoapartman.hu\/?page_id=151#breadcrumb"},"inLanguage":"hu","potentialAction":[{"@type":"ReadAction","target":["https:\/\/kalikoapartman.hu\/?page_id=151"]}]},{"@type":"ImageObject","inLanguage":"hu","@id":"https:\/\/kalikoapartman.hu\/?page_id=151#primaryimage","url":"https:\/\/kalikoapartman.hu\/wp-content\/uploads\/2017\/03\/12051529_8576e1e7a3369e1a0fe7e66fddc72214_xl.jpg","contentUrl":"https:\/\/kalikoapartman.hu\/wp-content\/uploads\/2017\/03\/12051529_8576e1e7a3369e1a0fe7e66fddc72214_xl.jpg","width":1600,"height":1200},{"@type":"BreadcrumbList","@id":"https:\/\/kalikoapartman.hu\/?page_id=151#breadcrumb","itemListElement":[{"@type":"ListItem","position":1,"name":"Home","item":"https:\/\/kalikoapartman.hu\/"},{"@type":"ListItem","position":2,"name":"L\u00e1tv\u00e1nyoss\u00e1gok\/Attraktionen"}]},{"@type":"WebSite","@id":"https:\/\/kalikoapartman.hu\/#website","url":"https:\/\/kalikoapartman.hu\/","name":"K\u00e1li K\u0151 Nyaral\u00f3h\u00e1z","description":"Szentb\u00e9kk\u00e1lla K\u00e1li-medence","potentialAction":[{"@type":"SearchAction","target":{"@type":"EntryPoint","urlTemplate":"https:\/\/kalikoapartman.hu\/?s={search_term_string}"},"query-input":{"@type":"PropertyValueSpecification","valueRequired":true,"valueName":"search_term_string"}}],"inLanguage":"hu"}]}},"_links":{"self":[{"href":"https:\/\/kalikoapartman.hu\/index.php?rest_route=\/wp\/v2\/pages\/151","targetHints":{"allow":["GET"]}}],"collection":[{"href":"https:\/\/kalikoapartman.hu\/index.php?rest_route=\/wp\/v2\/pages"}],"about":[{"href":"https:\/\/kalikoapartman.hu\/index.php?rest_route=\/wp\/v2\/types\/page"}],"author":[{"embeddable":true,"href":"https:\/\/kalikoapartman.hu\/index.php?rest_route=\/wp\/v2\/users\/1"}],"replies":[{"embeddable":true,"href":"https:\/\/kalikoapartman.hu\/index.php?rest_route=%2Fwp%2Fv2%2Fcomments&post=151"}],"version-history":[{"count":6,"href":"https:\/\/kalikoapartman.hu\/index.php?rest_route=\/wp\/v2\/pages\/151\/revisions"}],"predecessor-version":[{"id":368,"href":"https:\/\/kalikoapartman.hu\/index.php?rest_route=\/wp\/v2\/pages\/151\/revisions\/368"}],"wp:attachment":[{"href":"https:\/\/kalikoapartman.hu\/index.php?rest_route=%2Fwp%2Fv2%2Fmedia&parent=151"}],"curies":[{"name":"wp","href":"https:\/\/api.w.org\/{rel}","templated":true}]}}