{"id":61,"date":"2016-05-10T15:38:19","date_gmt":"2016-05-10T15:38:19","guid":{"rendered":"http:\/\/kalikoapartman.hu\/?page_id=61"},"modified":"2026-02-14T14:00:34","modified_gmt":"2026-02-14T14:00:34","slug":"elerhetosegeink","status":"publish","type":"page","link":"https:\/\/kalikoapartman.hu\/?page_id=61","title":{"rendered":"El\u00e9rhet\u0151s\u00e9geink\/Interessieren"},"content":{"rendered":"<p><span style=\"color: #000000;\"><strong>N\u00e9v: <span style=\"color: #000080;\">K\u00e1li k\u0151 Apartman<\/span> &#8211; <span style=\"color: #000080;\">Weingartner G\u00e9za<\/span><\/strong><br \/>\n<strong>C\u00edm:<\/strong> 8281. Szentb\u00e9kk\u00e1lla, Pet\u0151fi S\u00e1ndor u. 27.<br \/>\n<strong>Nyitva: <\/strong><\/span><span style=\"color: #008000;\">2026.06.01 \u00e9s 09.30 k\u00f6z\u00f6tt.<\/span><span style=\"color: #000000;\"><br \/>\n<strong>Mobil: <span style=\"color: #000080;\">+36\/20 943-44-24<\/span><\/strong><br \/>\n<strong>@-mail:<\/strong><a href=\"mailto:kalikoapartman@gmail.com\" target=\"_blank\" rel=\"noopener noreferrer\">kalikoapartman@gmail.com<\/a><\/span><\/p>\n<div id=\"lmm_3de06f6a\" style=\"width:640px;\" class=\"mapsmarker markermap marker-1\">\n<div id=\"lmm_panel_3de06f6a\" class=\"lmm-panel\" style=\"background:#efefef;\">\n<div id=\"lmm_panel_api_3de06f6a\" class=\"lmm-panel-api\"><a href=\"https:\/\/maps.google.com\/maps?daddr=Szentb%C3%A9kk%C3%A1lla%2C+Pet%C5%91fi+utca+27%2C+Magyarorsz%C3%A1g&amp;t=m&amp;layer=1&amp;doflg=ptk&amp;om=0\" target=\"_blank\" title=\"Get directions\"><img loading=\"lazy\" decoding=\"async\" alt=\"icon-car.png\" src=\"https:\/\/kalikoapartman.hu\/wp-content\/plugins\/leaflet-maps-marker\/inc\/img\/icon-car.png\" width=\"14\" height=\"14\" class=\"lmm-panel-api-images\" \/><\/a><\/div><div id=\"lmm_panel_text_3de06f6a\" class=\"lmm-panel-text\" style=\"font-weight:bold;color:#373737;\">K\u00e1li K\u0151 Apartman<\/div><\/div>\n<div id=\"lmm_map_3de06f6a\" class=\"lmm-map\" style=\"background:#f6f6f6;border:1px solid #ccc;height:480px; overflow:hidden;padding:0;\"><p style=\"font-size:80%;color:#9f9e9e;margin-left:5px;\">loading map - please wait...<noscript><br\/><strong>Map could not be loaded - please enable Javascript!<\/strong><br\/><a style=\"text-decoration:none;\" href=\"https:\/\/www.mapsmarker.com\/js-disabled\" target=\"_blank\">&rarr; more information<\/a><\/noscript><\/p><\/div>\n<div id=\"lmm_geo_tags_3de06f6a\" class=\"lmm-geo-tags geo\">\n<span class=\"paneltext\">K\u00e1li K\u0151 Apartman<\/span>\n<span class=\"latitude\">46.887731<\/span>, <span class=\"longitude\">17.565143<\/span>\n<span class=\"popuptext\"><\/span>\n<\/div>\n<\/div>\n<p><img loading=\"lazy\" decoding=\"async\" class=\"aligncenter size-full wp-image-148\" src=\"http:\/\/kalikoapartman.hu\/wp-content\/uploads\/2016\/05\/t\u00e1vols\u00e1gok-1.jpg\" alt=\"t\u00e1vols\u00e1gok\" width=\"696\" height=\"818\" srcset=\"https:\/\/kalikoapartman.hu\/wp-content\/uploads\/2016\/05\/t\u00e1vols\u00e1gok-1.jpg 696w, https:\/\/kalikoapartman.hu\/wp-content\/uploads\/2016\/05\/t\u00e1vols\u00e1gok-1-255x300.jpg 255w\" sizes=\"auto, (max-width: 696px) 100vw, 696px\" \/><\/p>\n","protected":false},"excerpt":{"rendered":"<p>N\u00e9v: K\u00e1li k\u0151 Apartman &#8211; Weingartner G\u00e9za C\u00edm: 8281. Szentb\u00e9kk\u00e1lla, Pet\u0151fi S\u00e1ndor u. 27. Nyitva: 2026.06.01 \u00e9s 09.30 k\u00f6z\u00f6tt. Mobil: +36\/20 943-44-24 @-mail:kalikoapartman@gmail.com<\/p>\n","protected":false},"author":1,"featured_media":0,"parent":0,"menu_order":1,"comment_status":"closed","ping_status":"closed","template":"","meta":{"_monsterinsights_skip_tracking":false,"_monsterinsights_sitenote_active":false,"_monsterinsights_sitenote_note":"","_monsterinsights_sitenote_category":0,"footnotes":""},"class_list":["post-61","page","type-page","status-publish","hentry"],"aioseo_notices":[],"yoast_head":"<!-- This site is optimized with the Yoast SEO plugin v25.7 - https:\/\/yoast.com\/wordpress\/plugins\/seo\/ -->\n<title>El\u00e9rhet\u0151s\u00e9geink\/Interessieren - K\u00e1li K\u0151 Nyaral\u00f3h\u00e1z<\/title>\n<meta name=\"robots\" content=\"index, follow, max-snippet:-1, max-image-preview:large, max-video-preview:-1\" \/>\n<link rel=\"canonical\" href=\"https:\/\/kalikoapartman.hu\/?page_id=61\" \/>\n<meta property=\"og:locale\" content=\"hu_HU\" \/>\n<meta property=\"og:type\" content=\"article\" \/>\n<meta property=\"og:title\" content=\"El\u00e9rhet\u0151s\u00e9geink\/Interessieren - K\u00e1li K\u0151 Nyaral\u00f3h\u00e1z\" \/>\n<meta property=\"og:description\" content=\"N\u00e9v: K\u00e1li k\u0151 Apartman &#8211; Weingartner G\u00e9za C\u00edm: 8281. Szentb\u00e9kk\u00e1lla, Pet\u0151fi S\u00e1ndor u. 27. Nyitva: 2026.06.01 \u00e9s 09.30 k\u00f6z\u00f6tt. Mobil: +36\/20 943-44-24 @-mail:kalikoapartman@gmail.com\" \/>\n<meta property=\"og:url\" content=\"https:\/\/kalikoapartman.hu\/?page_id=61\" \/>\n<meta property=\"og:site_name\" content=\"K\u00e1li K\u0151 Nyaral\u00f3h\u00e1z\" \/>\n<meta property=\"article:modified_time\" content=\"2026-02-14T14:00:34+00:00\" \/>\n<meta name=\"twitter:card\" content=\"summary_large_image\" \/>\n<meta name=\"twitter:label1\" content=\"Becs\u00fclt olvas\u00e1si id\u0151\" \/>\n\t<meta name=\"twitter:data1\" content=\"1 perc\" \/>\n<script type=\"application\/ld+json\" class=\"yoast-schema-graph\">{\"@context\":\"https:\/\/schema.org\",\"@graph\":[{\"@type\":\"WebPage\",\"@id\":\"https:\/\/kalikoapartman.hu\/?page_id=61\",\"url\":\"https:\/\/kalikoapartman.hu\/?page_id=61\",\"name\":\"El\u00e9rhet\u0151s\u00e9geink\/Interessieren - K\u00e1li K\u0151 Nyaral\u00f3h\u00e1z\",\"isPartOf\":{\"@id\":\"https:\/\/kalikoapartman.hu\/#website\"},\"datePublished\":\"2016-05-10T15:38:19+00:00\",\"dateModified\":\"2026-02-14T14:00:34+00:00\",\"breadcrumb\":{\"@id\":\"https:\/\/kalikoapartman.hu\/?page_id=61#breadcrumb\"},\"inLanguage\":\"hu\",\"potentialAction\":[{\"@type\":\"ReadAction\",\"target\":[\"https:\/\/kalikoapartman.hu\/?page_id=61\"]}]},{\"@type\":\"BreadcrumbList\",\"@id\":\"https:\/\/kalikoapartman.hu\/?page_id=61#breadcrumb\",\"itemListElement\":[{\"@type\":\"ListItem\",\"position\":1,\"name\":\"Home\",\"item\":\"https:\/\/kalikoapartman.hu\/\"},{\"@type\":\"ListItem\",\"position\":2,\"name\":\"El\u00e9rhet\u0151s\u00e9geink\/Interessieren\"}]},{\"@type\":\"WebSite\",\"@id\":\"https:\/\/kalikoapartman.hu\/#website\",\"url\":\"https:\/\/kalikoapartman.hu\/\",\"name\":\"K\u00e1li K\u0151 Nyaral\u00f3h\u00e1z\",\"description\":\"Szentb\u00e9kk\u00e1lla K\u00e1li-medence\",\"potentialAction\":[{\"@type\":\"SearchAction\",\"target\":{\"@type\":\"EntryPoint\",\"urlTemplate\":\"https:\/\/kalikoapartman.hu\/?s={search_term_string}\"},\"query-input\":{\"@type\":\"PropertyValueSpecification\",\"valueRequired\":true,\"valueName\":\"search_term_string\"}}],\"inLanguage\":\"hu\"}]}<\/script>\n<!-- \/ Yoast SEO plugin. -->","yoast_head_json":{"title":"El\u00e9rhet\u0151s\u00e9geink\/Interessieren - K\u00e1li K\u0151 Nyaral\u00f3h\u00e1z","robots":{"index":"index","follow":"follow","max-snippet":"max-snippet:-1","max-image-preview":"max-image-preview:large","max-video-preview":"max-video-preview:-1"},"canonical":"https:\/\/kalikoapartman.hu\/?page_id=61","og_locale":"hu_HU","og_type":"article","og_title":"El\u00e9rhet\u0151s\u00e9geink\/Interessieren - K\u00e1li K\u0151 Nyaral\u00f3h\u00e1z","og_description":"N\u00e9v: K\u00e1li k\u0151 Apartman &#8211; Weingartner G\u00e9za C\u00edm: 8281. Szentb\u00e9kk\u00e1lla, Pet\u0151fi S\u00e1ndor u. 27. Nyitva: 2026.06.01 \u00e9s 09.30 k\u00f6z\u00f6tt. Mobil: +36\/20 943-44-24 @-mail:kalikoapartman@gmail.com","og_url":"https:\/\/kalikoapartman.hu\/?page_id=61","og_site_name":"K\u00e1li K\u0151 Nyaral\u00f3h\u00e1z","article_modified_time":"2026-02-14T14:00:34+00:00","twitter_card":"summary_large_image","twitter_misc":{"Becs\u00fclt olvas\u00e1si id\u0151":"1 perc"},"schema":{"@context":"https:\/\/schema.org","@graph":[{"@type":"WebPage","@id":"https:\/\/kalikoapartman.hu\/?page_id=61","url":"https:\/\/kalikoapartman.hu\/?page_id=61","name":"El\u00e9rhet\u0151s\u00e9geink\/Interessieren - K\u00e1li K\u0151 Nyaral\u00f3h\u00e1z","isPartOf":{"@id":"https:\/\/kalikoapartman.hu\/#website"},"datePublished":"2016-05-10T15:38:19+00:00","dateModified":"2026-02-14T14:00:34+00:00","breadcrumb":{"@id":"https:\/\/kalikoapartman.hu\/?page_id=61#breadcrumb"},"inLanguage":"hu","potentialAction":[{"@type":"ReadAction","target":["https:\/\/kalikoapartman.hu\/?page_id=61"]}]},{"@type":"BreadcrumbList","@id":"https:\/\/kalikoapartman.hu\/?page_id=61#breadcrumb","itemListElement":[{"@type":"ListItem","position":1,"name":"Home","item":"https:\/\/kalikoapartman.hu\/"},{"@type":"ListItem","position":2,"name":"El\u00e9rhet\u0151s\u00e9geink\/Interessieren"}]},{"@type":"WebSite","@id":"https:\/\/kalikoapartman.hu\/#website","url":"https:\/\/kalikoapartman.hu\/","name":"K\u00e1li K\u0151 Nyaral\u00f3h\u00e1z","description":"Szentb\u00e9kk\u00e1lla K\u00e1li-medence","potentialAction":[{"@type":"SearchAction","target":{"@type":"EntryPoint","urlTemplate":"https:\/\/kalikoapartman.hu\/?s={search_term_string}"},"query-input":{"@type":"PropertyValueSpecification","valueRequired":true,"valueName":"search_term_string"}}],"inLanguage":"hu"}]}},"_links":{"self":[{"href":"https:\/\/kalikoapartman.hu\/index.php?rest_route=\/wp\/v2\/pages\/61","targetHints":{"allow":["GET"]}}],"collection":[{"href":"https:\/\/kalikoapartman.hu\/index.php?rest_route=\/wp\/v2\/pages"}],"about":[{"href":"https:\/\/kalikoapartman.hu\/index.php?rest_route=\/wp\/v2\/types\/page"}],"author":[{"embeddable":true,"href":"https:\/\/kalikoapartman.hu\/index.php?rest_route=\/wp\/v2\/users\/1"}],"replies":[{"embeddable":true,"href":"https:\/\/kalikoapartman.hu\/index.php?rest_route=%2Fwp%2Fv2%2Fcomments&post=61"}],"version-history":[{"count":6,"href":"https:\/\/kalikoapartman.hu\/index.php?rest_route=\/wp\/v2\/pages\/61\/revisions"}],"predecessor-version":[{"id":510,"href":"https:\/\/kalikoapartman.hu\/index.php?rest_route=\/wp\/v2\/pages\/61\/revisions\/510"}],"wp:attachment":[{"href":"https:\/\/kalikoapartman.hu\/index.php?rest_route=%2Fwp%2Fv2%2Fmedia&parent=61"}],"curies":[{"name":"wp","href":"https:\/\/api.w.org\/{rel}","templated":true}]}}